{"id":432,"date":"2025-12-15T15:16:31","date_gmt":"2025-12-15T15:16:31","guid":{"rendered":"https:\/\/formacao.grupoadapec.co.ao\/?page_id=432"},"modified":"2025-12-15T16:30:29","modified_gmt":"2025-12-15T16:30:29","slug":"inscricao-2","status":"publish","type":"page","link":"https:\/\/formacao.grupoadapec.co.ao\/?page_id=432","title":{"rendered":"Inscri\u00e7\u00e3o"},"content":{"rendered":"\t\t<div data-elementor-type=\"wp-page\" data-elementor-id=\"432\" class=\"elementor elementor-432\">\n\t\t\t\t<div class=\"aux-parallax-section elementor-element elementor-element-75b68a5 e-flex e-con-boxed e-con e-parent\" data-id=\"75b68a5\" data-element_type=\"container\">\n\t\t\t\t\t<div class=\"e-con-inner\">\n\t\t<div class=\"elementor-element elementor-element-5a9f8fc e-con-full e-flex e-con e-child\" data-id=\"5a9f8fc\" data-element_type=\"container\">\n\t\t\t\t<div class=\"elementor-element elementor-element-6c7f1b8 elementor-widget elementor-widget-heading\" data-id=\"6c7f1b8\" data-element_type=\"widget\" data-widget_type=\"heading.default\">\n\t\t\t\t<div class=\"elementor-widget-container\">\n\t\t\t\t\t<h2 class=\"elementor-heading-title elementor-size-default\">Inscri\u00e7\u00e3o<\/h2>\t\t\t\t<\/div>\n\t\t\t\t<\/div>\n\t\t\t\t<\/div>\n\t\t<div class=\"elementor-element elementor-element-7767dab e-con-full e-flex e-con e-child\" data-id=\"7767dab\" data-element_type=\"container\">\n\t\t\t\t<\/div>\n\t\t\t\t\t<\/div>\n\t\t\t\t<\/div>\n\t\t<div class=\"aux-parallax-section elementor-element elementor-element-639980c e-con-full e-flex e-con e-parent\" data-id=\"639980c\" data-element_type=\"container\">\n\t\t<div class=\"elementor-element elementor-element-d8edd70 e-con-full e-flex e-con e-child\" data-id=\"d8edd70\" data-element_type=\"container\">\n\t\t<div class=\"elementor-element elementor-element-dccfe2c e-con-full aux-appear-watch-animation aux-scale-up e-flex e-con e-child\" data-id=\"dccfe2c\" data-element_type=\"container\" data-settings=\"{&quot;background_background&quot;:&quot;classic&quot;}\">\n\t\t<div class=\"elementor-element elementor-element-09fd6c1 e-con-full e-flex e-con e-child\" data-id=\"09fd6c1\" data-element_type=\"container\" data-settings=\"{&quot;background_background&quot;:&quot;classic&quot;}\">\n\t\t\t\t<div class=\"elementor-element elementor-element-77c0294 elementor-position-inline-start elementor-widget__width-auto elementor-absolute elementor-widget-mobile__width-inherit aux-appear-watch-animation aux-fade-in-up elementor-view-default elementor-mobile-position-block-start elementor-widget elementor-widget-icon-box\" data-id=\"77c0294\" data-element_type=\"widget\" data-settings=\"{&quot;_position&quot;:&quot;absolute&quot;}\" data-widget_type=\"icon-box.default\">\n\t\t\t\t<div class=\"elementor-widget-container\">\n\t\t\t\t\t\t\t<div class=\"elementor-icon-box-wrapper\">\n\n\t\t\t\t\t\t<div class=\"elementor-icon-box-icon\">\n\t\t\t\t<span  class=\"elementor-icon\">\n\t\t\t\t<svg xmlns=\"http:\/\/www.w3.org\/2000\/svg\" width=\"35\" height=\"39\" viewBox=\"0 0 35 39\" fill=\"none\"><path d=\"M1.59058 38.4545C1.35674 38.4537 1.13275 38.3602 0.967777 38.1945C0.802802 38.0287 0.710309 37.8043 0.710575 37.5704C0.701273 35.3323 1.37494 33.1447 2.64161 31.2994C3.90827 29.4542 5.70765 28.0392 7.79956 27.2434L11.2246 26.0964L12.4005 23.7324C12.3085 23.6324 12.2245 23.5455 12.1445 23.4535C11.6575 22.8906 11.2498 22.2638 10.9326 21.5905H10.3826C9.75956 21.5881 9.16293 21.3388 8.72351 20.8971C8.2841 20.4554 8.03778 19.8575 8.03858 19.2345V18.4735C7.6053 18.2957 7.23465 17.9931 6.97364 17.6042C6.71262 17.2154 6.57306 16.7578 6.57264 16.2894V11.6494C6.57264 8.69543 7.74606 5.86246 9.83484 3.77368C11.9236 1.6849 14.7566 0.511475 17.7106 0.511475C20.6646 0.511475 23.4975 1.6849 25.5863 3.77368C27.6751 5.86246 28.8485 8.69543 28.8485 11.6494V16.2894C28.8493 16.9124 28.6031 17.5104 28.1637 17.952C27.7243 18.3937 27.1275 18.6431 26.5045 18.6455H25.2946L25.1595 19.4614C24.8859 21.0659 24.1409 22.5527 23.0195 23.7324L24.1965 26.0974L27.6216 27.2445C29.7135 28.0403 31.5129 29.4552 32.7795 31.3004C34.0462 33.1456 34.7199 35.3333 34.7106 37.5714C34.7111 37.8052 34.6188 38.0296 34.454 38.1953C34.2892 38.3611 34.0653 38.4547 33.8315 38.4554L1.59058 38.4545ZM22.0906 32.3285L22.0786 32.3505C21.4688 33.4292 20.7917 34.4687 20.0515 35.4625L19.2926 36.6875H32.9105C32.763 34.9749 32.1368 33.3383 31.1034 31.9647C30.07 30.5911 28.6711 29.5358 27.0665 28.9194L24.1185 27.9325C23.5631 29.45 22.8852 30.9199 22.0916 32.3275L22.0906 32.3285ZM8.35462 28.9204C6.75021 29.537 5.35144 30.5924 4.31824 31.9659C3.28504 33.3395 2.65905 34.976 2.5116 36.6885H16.1256L15.3676 35.4635C14.633 34.4772 13.9611 33.4458 13.3556 32.3755V32.3695C12.5526 30.9494 11.8676 29.4657 11.3076 27.9335L8.35462 28.9204ZM15.2116 32.0635C15.6992 32.8805 16.2286 33.6718 16.7976 34.4344C16.8126 34.4554 16.8266 34.4754 16.8396 34.4974L17.7096 35.8975L18.3845 34.8085C18.5965 34.4655 18.5966 34.4654 18.6196 34.4344C19.1905 33.669 19.7215 32.8746 20.2106 32.0544L17.6445 29.4755L15.2116 32.0635ZM18.8535 28.1935L21.0985 30.4495C21.6867 29.2966 22.1946 28.1044 22.6185 26.8815L21.7426 25.1215L18.8535 28.1935ZM12.7996 26.8824C13.2226 28.1026 13.7295 29.2922 14.3165 30.4425L16.4005 28.2274L13.5526 25.3655L12.7996 26.8824ZM17.6096 26.9435L18.5145 25.9805C17.8822 26.0497 17.2437 26.0373 16.6146 25.9435L17.6096 26.9435ZM16.3096 24.0835C17.2317 24.314 18.1964 24.314 19.1185 24.0835C20.2271 23.7549 21.2201 23.1191 21.9827 22.2499C22.7452 21.3807 23.2462 20.3135 23.4276 19.1715C23.4686 18.9235 23.5026 18.7235 23.5276 18.5515C23.5936 18.1595 23.6326 17.9205 23.6796 17.6035C23.8796 16.2375 24.0285 14.7355 24.1025 13.2505L23.1555 13.1145C20.4343 12.7145 17.9019 11.4874 15.9016 9.59949C15.187 9.64964 14.4916 9.85352 13.863 10.1971C13.2345 10.5408 12.6875 11.016 12.2595 11.5905L11.3046 12.8705C11.3995 15.2068 11.6808 17.5319 12.1456 19.8235H14.0706C14.2452 19.3896 14.5454 19.0176 14.9327 18.7554C15.3201 18.4931 15.7769 18.3525 16.2446 18.3514H17.7106C18.3272 18.3641 18.9141 18.618 19.3457 19.0586C19.7773 19.4991 20.019 20.0913 20.019 20.708C20.019 21.3247 19.7773 21.9169 19.3457 22.3574C18.9141 22.798 18.3272 23.0518 17.7106 23.0645H16.2446C15.7771 23.0626 15.3206 22.9215 14.9336 22.6592C14.5466 22.3968 14.2464 22.0251 14.0715 21.5914H12.9426C13.7138 22.814 14.9156 23.7026 16.3106 24.0814L16.3096 24.0835ZM15.6626 20.7075C15.6623 20.8633 15.7239 21.0127 15.8337 21.1232C15.9436 21.2336 16.0928 21.296 16.2485 21.2965H17.7106C17.8668 21.2965 18.0166 21.2344 18.1271 21.1239C18.2375 21.0134 18.2996 20.8637 18.2996 20.7075C18.2996 20.5513 18.2375 20.4015 18.1271 20.291C18.0166 20.1806 17.8668 20.1184 17.7106 20.1184H16.2446C16.0892 20.1189 15.9403 20.181 15.8304 20.291C15.7206 20.401 15.6588 20.55 15.6586 20.7054L15.6626 20.7075ZM9.80054 19.2355C9.80017 19.3823 9.85479 19.5241 9.95362 19.6327C10.0524 19.7413 10.1884 19.809 10.3346 19.8225C10.3096 19.7015 10.2846 19.5805 10.2656 19.4635L10.1306 18.6465H9.80152L9.80054 19.2355ZM25.5555 16.8784H26.5076C26.6633 16.8779 26.8125 16.8156 26.9224 16.7052C27.0322 16.5948 27.0939 16.4452 27.0936 16.2894V12.5334H25.8936C25.8436 13.9754 25.7265 15.4735 25.5515 16.8765L25.5555 16.8784ZM8.3346 16.2894C8.33447 16.3666 8.34948 16.4431 8.37891 16.5145C8.40834 16.5859 8.4516 16.6509 8.50611 16.7056C8.56062 16.7603 8.62537 16.8037 8.69666 16.8334C8.76795 16.863 8.84442 16.8783 8.92163 16.8784H9.87354C9.70154 15.5034 9.58663 14.0385 9.53662 12.6315L9.68262 12.6184H9.53662C9.53662 12.5884 9.53662 12.5594 9.53662 12.5294H8.33655L8.3346 16.2894ZM16.8706 8.07849C18.6385 9.85014 20.9319 11.0025 23.4086 11.3635L24.1595 11.4714C24.1595 11.3324 24.1595 11.1825 24.1595 11.0175C24.1622 10.2515 24.0139 9.49246 23.723 8.78381C23.4322 8.07517 23.0046 7.43075 22.4646 6.88745C21.9303 6.34219 21.2923 5.9093 20.5881 5.61426C19.884 5.31922 19.1281 5.16796 18.3646 5.16943H17.0536C15.6978 5.17 14.3852 5.64663 13.3447 6.51599C12.3043 7.38536 11.6021 8.59237 11.3606 9.92651C11.9912 9.26556 12.7484 8.73842 13.5872 8.37659C14.4259 8.01475 15.3291 7.82555 16.2426 7.82043C16.3584 7.81966 16.4733 7.84198 16.5804 7.88611C16.6876 7.93023 16.7849 7.99537 16.8666 8.07751L16.8706 8.07849ZM18.3706 3.40149C19.3564 3.40031 20.3327 3.59412 21.2433 3.97168C22.1539 4.34924 22.9808 4.90306 23.6765 5.60144C25.0574 6.97253 25.8593 8.82141 25.9166 10.7665H27.0526C26.8447 8.43337 25.771 6.2626 24.0427 4.68152C22.3145 3.10043 20.057 2.22351 17.7146 2.22351C15.3722 2.22351 13.1147 3.10043 11.3865 4.68152C9.65824 6.2626 8.58449 8.43337 8.37659 10.7665H9.5116C9.56982 8.8214 10.3719 6.97272 11.7526 5.60144C12.4484 4.90315 13.2753 4.34936 14.1859 3.9718C15.0965 3.59424 16.0728 3.40042 17.0586 3.40149H18.3706ZM29.4286 34.5795C29.0448 33.8097 28.4929 33.1362 27.8136 32.6085C27.6755 32.5019 27.5719 32.3567 27.5161 32.1914C27.4603 32.0261 27.4547 31.8481 27.4999 31.6796C27.5451 31.5111 27.6392 31.3596 27.7703 31.2445C27.9014 31.1294 28.0636 31.0556 28.2366 31.0325C28.3511 31.0165 28.4677 31.0238 28.5793 31.0538C28.691 31.0839 28.7956 31.1362 28.8866 31.2075C29.777 31.8983 30.5002 32.7807 31.0026 33.7894C31.1067 33.9988 31.1239 34.2409 31.0503 34.4629C30.9767 34.6849 30.8183 34.8688 30.6096 34.9745C30.4884 35.0356 30.3544 35.0675 30.2186 35.0675C30.0536 35.0687 29.8915 35.0233 29.7511 34.9366C29.6107 34.85 29.4975 34.7256 29.4246 34.5775L29.4286 34.5795ZM24.8945 30.5065C24.8945 30.3324 24.9462 30.1623 25.0429 30.0176C25.1395 29.8729 25.2771 29.7601 25.4379 29.6935C25.5987 29.6269 25.7756 29.6095 25.9463 29.6434C26.117 29.6774 26.2738 29.7611 26.3969 29.8842C26.5199 30.0072 26.6037 30.1641 26.6377 30.3348C26.6717 30.5055 26.6541 30.6825 26.5875 30.8433C26.5209 31.0041 26.4081 31.1415 26.2634 31.2382C26.1187 31.3349 25.9486 31.3865 25.7745 31.3865C25.6585 31.387 25.5435 31.3645 25.4362 31.3204C25.3288 31.2763 25.2312 31.2114 25.1491 31.1294C25.0669 31.0474 25.0018 30.95 24.9574 30.8428C24.913 30.7355 24.8904 30.6206 24.8906 30.5045L24.8945 30.5065Z\" fill=\"#4832D5\"><\/path><path d=\"M1.59058 38.4545C1.35674 38.4537 1.13275 38.3602 0.967777 38.1945C0.802802 38.0287 0.710309 37.8043 0.710575 37.5704C0.701273 35.3323 1.37494 33.1447 2.64161 31.2994C3.90827 29.4542 5.70765 28.0392 7.79956 27.2434L11.2246 26.0964L12.4005 23.7324C12.3085 23.6324 12.2245 23.5455 12.1445 23.4535C11.6575 22.8906 11.2498 22.2638 10.9326 21.5905H10.3826C9.75956 21.5881 9.16293 21.3388 8.72351 20.8971C8.2841 20.4554 8.03778 19.8575 8.03858 19.2345V18.4735C7.6053 18.2957 7.23465 17.9931 6.97364 17.6042C6.71262 17.2154 6.57306 16.7578 6.57264 16.2894V11.6494C6.57264 8.69543 7.74606 5.86246 9.83484 3.77368C11.9236 1.6849 14.7566 0.511475 17.7106 0.511475C20.6646 0.511475 23.4975 1.6849 25.5863 3.77368C27.6751 5.86246 28.8485 8.69543 28.8485 11.6494V16.2894C28.8493 16.9124 28.6031 17.5104 28.1637 17.952C27.7243 18.3937 27.1275 18.6431 26.5045 18.6455H25.2946L25.1595 19.4614C24.8859 21.0659 24.1409 22.5527 23.0195 23.7324L24.1965 26.0974L27.6216 27.2445C29.7135 28.0403 31.5129 29.4552 32.7795 31.3004C34.0462 33.1456 34.7199 35.3333 34.7106 37.5714C34.7111 37.8052 34.6188 38.0296 34.454 38.1953C34.2892 38.3611 34.0653 38.4547 33.8315 38.4554L1.59058 38.4545ZM22.0906 32.3285L22.0786 32.3505C21.4688 33.4292 20.7917 34.4687 20.0515 35.4625L19.2926 36.6875H32.9105C32.763 34.9749 32.1368 33.3383 31.1034 31.9647C30.07 30.5911 28.6711 29.5358 27.0665 28.9194L24.1185 27.9325C23.5631 29.45 22.8852 30.9199 22.0916 32.3275L22.0906 32.3285ZM8.35462 28.9204C6.75021 29.537 5.35144 30.5924 4.31824 31.9659C3.28504 33.3395 2.65905 34.976 2.5116 36.6885H16.1256L15.3676 35.4635C14.633 34.4772 13.9611 33.4458 13.3556 32.3755V32.3695C12.5526 30.9494 11.8676 29.4657 11.3076 27.9335L8.35462 28.9204ZM15.2116 32.0635C15.6992 32.8805 16.2286 33.6718 16.7976 34.4344C16.8126 34.4554 16.8266 34.4754 16.8396 34.4974L17.7096 35.8975L18.3845 34.8085C18.5965 34.4655 18.5966 34.4654 18.6196 34.4344C19.1905 33.669 19.7215 32.8746 20.2106 32.0544L17.6445 29.4755L15.2116 32.0635ZM18.8535 28.1935L21.0985 30.4495C21.6867 29.2966 22.1946 28.1044 22.6185 26.8815L21.7426 25.1215L18.8535 28.1935ZM12.7996 26.8824C13.2226 28.1026 13.7295 29.2922 14.3165 30.4425L16.4005 28.2274L13.5526 25.3655L12.7996 26.8824ZM17.6096 26.9435L18.5145 25.9805C17.8822 26.0497 17.2437 26.0373 16.6146 25.9435L17.6096 26.9435ZM16.3096 24.0835C17.2317 24.314 18.1964 24.314 19.1185 24.0835C20.2271 23.7549 21.2201 23.1191 21.9827 22.2499C22.7452 21.3807 23.2462 20.3135 23.4276 19.1715C23.4686 18.9235 23.5026 18.7235 23.5276 18.5515C23.5936 18.1595 23.6326 17.9205 23.6796 17.6035C23.8796 16.2375 24.0285 14.7355 24.1025 13.2505L23.1555 13.1145C20.4343 12.7145 17.9019 11.4874 15.9016 9.59949C15.187 9.64964 14.4916 9.85352 13.863 10.1971C13.2345 10.5408 12.6875 11.016 12.2595 11.5905L11.3046 12.8705C11.3995 15.2068 11.6808 17.5319 12.1456 19.8235H14.0706C14.2452 19.3896 14.5454 19.0176 14.9327 18.7554C15.3201 18.4931 15.7769 18.3525 16.2446 18.3514H17.7106C18.3272 18.3641 18.9141 18.618 19.3457 19.0586C19.7773 19.4991 20.019 20.0913 20.019 20.708C20.019 21.3247 19.7773 21.9169 19.3457 22.3574C18.9141 22.798 18.3272 23.0518 17.7106 23.0645H16.2446C15.7771 23.0626 15.3206 22.9215 14.9336 22.6592C14.5466 22.3968 14.2464 22.0251 14.0715 21.5914H12.9426C13.7138 22.814 14.9156 23.7026 16.3106 24.0814L16.3096 24.0835ZM15.6626 20.7075C15.6623 20.8633 15.7239 21.0127 15.8337 21.1232C15.9436 21.2336 16.0928 21.296 16.2485 21.2965H17.7106C17.8668 21.2965 18.0166 21.2344 18.1271 21.1239C18.2375 21.0134 18.2996 20.8637 18.2996 20.7075C18.2996 20.5513 18.2375 20.4015 18.1271 20.291C18.0166 20.1806 17.8668 20.1184 17.7106 20.1184H16.2446C16.0892 20.1189 15.9403 20.181 15.8304 20.291C15.7206 20.401 15.6588 20.55 15.6586 20.7054L15.6626 20.7075ZM9.80054 19.2355C9.80017 19.3823 9.85479 19.5241 9.95362 19.6327C10.0524 19.7413 10.1884 19.809 10.3346 19.8225C10.3096 19.7015 10.2846 19.5805 10.2656 19.4635L10.1306 18.6465H9.80152L9.80054 19.2355ZM25.5555 16.8784H26.5076C26.6633 16.8779 26.8125 16.8156 26.9224 16.7052C27.0322 16.5948 27.0939 16.4452 27.0936 16.2894V12.5334H25.8936C25.8436 13.9754 25.7265 15.4735 25.5515 16.8765L25.5555 16.8784ZM8.3346 16.2894C8.33447 16.3666 8.34948 16.4431 8.37891 16.5145C8.40834 16.5859 8.4516 16.6509 8.50611 16.7056C8.56062 16.7603 8.62537 16.8037 8.69666 16.8334C8.76795 16.863 8.84442 16.8783 8.92163 16.8784H9.87354C9.70154 15.5034 9.58663 14.0385 9.53662 12.6315L9.68262 12.6184H9.53662C9.53662 12.5884 9.53662 12.5594 9.53662 12.5294H8.33655L8.3346 16.2894ZM16.8706 8.07849C18.6385 9.85014 20.9319 11.0025 23.4086 11.3635L24.1595 11.4714C24.1595 11.3324 24.1595 11.1825 24.1595 11.0175C24.1622 10.2515 24.0139 9.49246 23.723 8.78381C23.4322 8.07517 23.0046 7.43075 22.4646 6.88745C21.9303 6.34219 21.2923 5.9093 20.5881 5.61426C19.884 5.31922 19.1281 5.16796 18.3646 5.16943H17.0536C15.6978 5.17 14.3852 5.64663 13.3447 6.51599C12.3043 7.38536 11.6021 8.59237 11.3606 9.92651C11.9912 9.26556 12.7484 8.73842 13.5872 8.37659C14.4259 8.01475 15.3291 7.82555 16.2426 7.82043C16.3584 7.81966 16.4733 7.84198 16.5804 7.88611C16.6876 7.93023 16.7849 7.99537 16.8666 8.07751L16.8706 8.07849ZM18.3706 3.40149C19.3564 3.40031 20.3327 3.59412 21.2433 3.97168C22.1539 4.34924 22.9808 4.90306 23.6765 5.60144C25.0574 6.97253 25.8593 8.82141 25.9166 10.7665H27.0526C26.8447 8.43337 25.771 6.2626 24.0427 4.68152C22.3145 3.10043 20.057 2.22351 17.7146 2.22351C15.3722 2.22351 13.1147 3.10043 11.3865 4.68152C9.65824 6.2626 8.58449 8.43337 8.37659 10.7665H9.5116C9.56982 8.8214 10.3719 6.97272 11.7526 5.60144C12.4484 4.90315 13.2753 4.34936 14.1859 3.9718C15.0965 3.59424 16.0728 3.40042 17.0586 3.40149H18.3706ZM29.4286 34.5795C29.0448 33.8097 28.4929 33.1362 27.8136 32.6085C27.6755 32.5019 27.5719 32.3567 27.5161 32.1914C27.4603 32.0261 27.4547 31.8481 27.4999 31.6796C27.5451 31.5111 27.6392 31.3596 27.7703 31.2445C27.9014 31.1294 28.0636 31.0556 28.2366 31.0325C28.3511 31.0165 28.4677 31.0238 28.5793 31.0538C28.691 31.0839 28.7956 31.1362 28.8866 31.2075C29.777 31.8983 30.5002 32.7807 31.0026 33.7894C31.1067 33.9988 31.1239 34.2409 31.0503 34.4629C30.9767 34.6849 30.8183 34.8688 30.6096 34.9745C30.4884 35.0356 30.3544 35.0675 30.2186 35.0675C30.0536 35.0687 29.8915 35.0233 29.7511 34.9366C29.6107 34.85 29.4975 34.7256 29.4246 34.5775L29.4286 34.5795ZM24.8945 30.5065C24.8945 30.3324 24.9462 30.1623 25.0429 30.0176C25.1395 29.8729 25.2771 29.7601 25.4379 29.6935C25.5987 29.6269 25.7756 29.6095 25.9463 29.6434C26.117 29.6774 26.2738 29.7611 26.3969 29.8842C26.5199 30.0072 26.6037 30.1641 26.6377 30.3348C26.6717 30.5055 26.6541 30.6825 26.5875 30.8433C26.5209 31.0041 26.4081 31.1415 26.2634 31.2382C26.1187 31.3349 25.9486 31.3865 25.7745 31.3865C25.6585 31.387 25.5435 31.3645 25.4362 31.3204C25.3288 31.2763 25.2312 31.2114 25.1491 31.1294C25.0669 31.0474 25.0018 30.95 24.9574 30.8428C24.913 30.7355 24.8904 30.6206 24.8906 30.5045L24.8945 30.5065Z\" fill=\"black\" fill-opacity=\"0.2\"><\/path><\/svg>\t\t\t\t<\/span>\n\t\t\t<\/div>\n\t\t\t\n\t\t\t\t\t\t<div class=\"elementor-icon-box-content\">\n\n\t\t\t\t\t\t\t\t\t<h3 class=\"elementor-icon-box-title\">\n\t\t\t\t\t\t<span  >\n\t\t\t\t\t\t\tNosso contacto para chamadas directas\t\t\t\t\t\t<\/span>\n\t\t\t\t\t<\/h3>\n\t\t\t\t\n\t\t\t\t\t\t\t\t\t<p class=\"elementor-icon-box-description\">\n\t\t\t\t\t\t+244 973 051 342\t\t\t\t\t<\/p>\n\t\t\t\t\n\t\t\t<\/div>\n\t\t\t\n\t\t<\/div>\n\t\t\t\t\t\t<\/div>\n\t\t\t\t<\/div>\n\t\t\t\t<div class=\"elementor-element elementor-element-1b8ebec aux-appear-watch-animation aux-fade-in-up elementor-widget__width-initial elementor-widget elementor-widget-aux_contact_form\" data-id=\"1b8ebec\" data-element_type=\"widget\" data-widget_type=\"aux_contact_form.default\">\n\t\t\t\t<div class=\"elementor-widget-container\">\n\t\t\t\t\t<section class=\"widget-container aux-widget-contact-form aux-parent-au9653ae9d\">            <div class=\"aux-col-wrapper aux-no-gutter\">\n            <!-- @TODO - The output for element here -->\n\n            \n<div class=\"wpcf7 no-js\" id=\"wpcf7-f11-o1\" lang=\"pt-AO\" dir=\"ltr\" data-wpcf7-id=\"11\">\n<div class=\"screen-reader-response\"><p role=\"status\" aria-live=\"polite\" aria-atomic=\"true\"><\/p> <ul><\/ul><\/div>\n<form action=\"\/index.php?rest_route=%2Fwp%2Fv2%2Fpages%2F432#wpcf7-f11-o1\" method=\"post\" class=\"wpcf7-form init\" aria-label=\"Contact form\" novalidate=\"novalidate\" data-status=\"init\">\n<fieldset class=\"hidden-fields-container\"><input type=\"hidden\" name=\"_wpcf7\" value=\"11\" \/><input type=\"hidden\" name=\"_wpcf7_version\" value=\"6.1.4\" \/><input type=\"hidden\" name=\"_wpcf7_locale\" value=\"pt_AO\" \/><input type=\"hidden\" name=\"_wpcf7_unit_tag\" value=\"wpcf7-f11-o1\" \/><input type=\"hidden\" name=\"_wpcf7_container_post\" value=\"0\" \/><input type=\"hidden\" name=\"_wpcf7_posted_data_hash\" value=\"\" \/>\n<\/fieldset>\n<p><label> Seu Nome:<br \/>\n<span class=\"wpcf7-form-control-wrap\" data-name=\"your-name\"><input size=\"40\" maxlength=\"400\" class=\"wpcf7-form-control wpcf7-text wpcf7-validates-as-required\" autocomplete=\"name\" aria-required=\"true\" aria-invalid=\"false\" value=\"\" type=\"text\" name=\"your-name\" \/><\/span> <\/label>\n<\/p>\n<p><label> E-mail:<br \/>\n<span class=\"wpcf7-form-control-wrap\" data-name=\"E-email\"><input size=\"40\" maxlength=\"400\" class=\"wpcf7-form-control wpcf7-email wpcf7-validates-as-required wpcf7-text wpcf7-validates-as-email\" autocomplete=\"email\" aria-required=\"true\" aria-invalid=\"false\" value=\"\" type=\"email\" name=\"E-email\" \/><\/span> <\/label>\n<\/p>\n<p><label> Assunto:<br \/>\n<span class=\"wpcf7-form-control-wrap\" data-name=\"your-subject\"><input size=\"40\" maxlength=\"400\" class=\"wpcf7-form-control wpcf7-text wpcf7-validates-as-required\" aria-required=\"true\" aria-invalid=\"false\" value=\"\" type=\"text\" name=\"your-subject\" \/><\/span> <\/label><br \/>\n<span class=\"wpcf7-form-control-wrap\" data-name=\"select-953\"><select class=\"wpcf7-form-control wpcf7-select\" aria-invalid=\"false\" name=\"select-953\"><option value=\"\">Escolha o Curso:<\/option><option value=\"Power BI\">Power BI<\/option><option value=\"Excel\">Excel<\/option><option value=\"Inform\u00e1tica\">Inform\u00e1tica<\/option><option value=\"Power Point\">Power Point<\/option><option value=\"Word\">Word<\/option><option value=\"Orat\u00f3tia\">Orat\u00f3tia<\/option><option value=\"Microsoft 365\">Microsoft 365<\/option><option value=\"Desgner Gr\u00e1fico\">Desgner Gr\u00e1fico<\/option><option value=\"Hardware\">Hardware<\/option><option value=\"Software\">Software<\/option><option value=\"IA para neg\u00f3cios\">IA para neg\u00f3cios<\/option><option value=\"Administra\u00e7\u00e3o de empresas\">Administra\u00e7\u00e3o de empresas<\/option><option value=\"Ferramentas Tecnologicas Financeiras\">Ferramentas Tecnologicas Financeiras<\/option><option value=\"Electr\u00f3nica Auto\">Electr\u00f3nica Auto<\/option><option value=\"Secretariado Executivo\">Secretariado Executivo<\/option><option value=\"Autocad 3D\">Autocad 3D<\/option><option value=\"Contabilidade Geral\">Contabilidade Geral<\/option><option value=\"Auditoria e Compilance\">Auditoria e Compilance<\/option><option value=\"Desenvolvimento e Programa\u00e7\u00e3o\">Desenvolvimento e Programa\u00e7\u00e3o<\/option><option value=\"Primeiros Socorro\">Primeiros Socorro<\/option><option value=\"EMprededorismo\">EMprededorismo<\/option><option value=\"Lideran\u00e7a\">Lideran\u00e7a<\/option><option value=\"Insfraestrutura e redes de computadores\">Insfraestrutura e redes de computadores<\/option><option value=\"Seguran\u00e7a da Informa\u00e7\u00e3o\">Seguran\u00e7a da Informa\u00e7\u00e3o<\/option><option value=\"Sistemas Operacionais\">Sistemas Operacionais<\/option><option value=\"Soldagem eletr\u00f3do revestido\">Soldagem eletr\u00f3do revestido<\/option><option value=\"Soldagem Mig Mag\">Soldagem Mig Mag<\/option><option value=\"SOldagem Tig\">SOldagem Tig<\/option><option value=\"C-PANEL\">C-PANEL<\/option><option value=\"SIstemas e Virtualiza\u00e7\u00e3o\">SIstemas e Virtualiza\u00e7\u00e3o<\/option><option value=\"Seguran\u00e7a e Monitoramento (CCTV)\">Seguran\u00e7a e Monitoramento (CCTV)<\/option><option value=\"WOrdPress\">WOrdPress<\/option><option value=\"Microsoft Planner\">Microsoft Planner<\/option><option value=\"Click Up\">Click Up<\/option><option value=\"Microsoft Teams\">Microsoft Teams<\/option><option value=\"Monday.Com\">Monday.Com<\/option><option value=\"Tecnologias emergentes\">Tecnologias emergentes<\/option><option value=\"Tr\u00e1fego pago\">Tr\u00e1fego pago<\/option><option value=\"Marketing Digital\">Marketing Digital<\/option><option value=\"Ingl\u00eas\">Ingl\u00eas<\/option><option value=\"Marketing corporativo\">Marketing corporativo<\/option><option value=\"Higiene e Seguran\u00e7ao no Trabalho\">Higiene e Seguran\u00e7ao no Trabalho<\/option><option value=\"Qualidade ISO 9001\">Qualidade ISO 9001<\/option><option value=\"Pastelaria\">Pastelaria<\/option><\/select><\/span>\n<\/p>\n<p><label> Sua Mensagem (opcional)<br \/>\n<span class=\"wpcf7-form-control-wrap\" data-name=\"your-message\"><textarea cols=\"40\" rows=\"10\" maxlength=\"2000\" class=\"wpcf7-form-control wpcf7-textarea\" aria-invalid=\"false\" name=\"your-message\"><\/textarea><\/span> <\/label>\n<\/p>\n<p><input class=\"wpcf7-form-control wpcf7-submit has-spinner\" type=\"submit\" value=\"Submit\" \/>\n<\/p><div class=\"wpcf7-response-output\" aria-hidden=\"true\"><\/div>\n<\/form>\n<\/div>\n\n\n            <\/div><!-- aux-col-wrapper -->\n    <\/section><!-- widget-container -->\t\t\t\t<\/div>\n\t\t\t\t<\/div>\n\t\t\t\t<div class=\"elementor-element elementor-element-7f65142 elementor-absolute elementor-widget__width-auto elementor-widget elementor-widget-aux_simple_svg\" data-id=\"7f65142\" data-element_type=\"widget\" data-settings=\"{&quot;_position&quot;:&quot;absolute&quot;}\" data-widget_type=\"aux_simple_svg.default\">\n\t\t\t\t<div class=\"elementor-widget-container\">\n\t\t\t\t\t    <div class=\"aux-widget-container aux-simple-svg-container\">\n        <div class=\"aux-widget-container-inner\">\n            <div class=\"aux-the-svg\"><img decoding=\"async\" src=\"https:\/\/formacao.grupoadapec.co.ao\/wp-content\/wp-content\/uploads\/2022\/10\/Group-10304.svg\" title=\"\" alt=\"\" loading=\"lazy\" \/><\/div>\n        <\/div>\n    <\/div>\n    \t\t\t\t<\/div>\n\t\t\t\t<\/div>\n\t\t\t\t<\/div>\n\t\t\t\t<\/div>\n\t\t\t\t<div class=\"aux-scroll-anim elementor-element elementor-element-0e2b6ad elementor-widget__width-auto elementor-absolute aux-appear-watch-animation aux-fade-in-right elementor-widget elementor-widget-aux_simple_svg\" data-move-in=\"\" data-move-out=\"moveHorizontal\" data-axis-x=\"-20\" data-axis-y=\"200\" data-rotate=\"90\" data-scale=\"1\" data-vp-top=\"0.5\" data-vp-bot=\"0.5\" data-el-top=\"0.2\" data-scroll-animation-off=\"1024\" data-id=\"0e2b6ad\" data-element_type=\"widget\" data-settings=\"{&quot;_position&quot;:&quot;absolute&quot;}\" data-widget_type=\"aux_simple_svg.default\">\n\t\t\t\t<div class=\"elementor-widget-container\">\n\t\t\t\t\t    <div class=\"aux-widget-container aux-simple-svg-container\">\n        <div class=\"aux-widget-container-inner\">\n            <div class=\"aux-the-svg\"><img decoding=\"async\" src=\"https:\/\/formacao.grupoadapec.co.ao\/wp-content\/uploads\/2022\/11\/Group-10304.svg\" title=\"demo-attachment-5061-Group-10304\" alt=\"demo-attachment-5061-Group-10304\" loading=\"lazy\" \/><\/div>\n        <\/div>\n    <\/div>\n    \t\t\t\t<\/div>\n\t\t\t\t<\/div>\n\t\t\t\t<\/div>\n\t\t\t\t<\/div>\n\t\t\t\t<\/div>\n\t\t","protected":false},"excerpt":{"rendered":"<p>Inscri\u00e7\u00e3o Nosso contacto para chamadas directas +244 973 051 342 Seu Nome: E-mail: Assunto: Escolha o Curso:Power BIExcelInform\u00e1ticaPower PointWordOrat\u00f3tiaMicrosoft 365Desgner Gr\u00e1ficoHardwareSoftwareIA para neg\u00f3ciosAdministra\u00e7\u00e3o de empresasFerramentas Tecnologicas FinanceirasElectr\u00f3nica AutoSecretariado ExecutivoAutocad 3DContabilidade GeralAuditoria e CompilanceDesenvolvimento e Programa\u00e7\u00e3oPrimeiros SocorroEMprededorismoLideran\u00e7aInsfraestrutura e redes de computadoresSeguran\u00e7a da Informa\u00e7\u00e3oSistemas OperacionaisSoldagem eletr\u00f3do revestidoSoldagem Mig MagSOldagem TigC-PANELSIstemas e Virtualiza\u00e7\u00e3oSeguran\u00e7a e Monitoramento (CCTV)WOrdPressMicrosoft PlannerClick UpMicrosoft [&hellip;]<\/p>\n","protected":false},"author":1,"featured_media":0,"parent":0,"menu_order":0,"comment_status":"closed","ping_status":"closed","template":"","meta":{"footnotes":""},"class_list":["post-432","page","type-page","status-publish","hentry"],"_links":{"self":[{"href":"https:\/\/formacao.grupoadapec.co.ao\/index.php?rest_route=\/wp\/v2\/pages\/432","targetHints":{"allow":["GET"]}}],"collection":[{"href":"https:\/\/formacao.grupoadapec.co.ao\/index.php?rest_route=\/wp\/v2\/pages"}],"about":[{"href":"https:\/\/formacao.grupoadapec.co.ao\/index.php?rest_route=\/wp\/v2\/types\/page"}],"author":[{"embeddable":true,"href":"https:\/\/formacao.grupoadapec.co.ao\/index.php?rest_route=\/wp\/v2\/users\/1"}],"replies":[{"embeddable":true,"href":"https:\/\/formacao.grupoadapec.co.ao\/index.php?rest_route=%2Fwp%2Fv2%2Fcomments&post=432"}],"version-history":[{"count":13,"href":"https:\/\/formacao.grupoadapec.co.ao\/index.php?rest_route=\/wp\/v2\/pages\/432\/revisions"}],"predecessor-version":[{"id":467,"href":"https:\/\/formacao.grupoadapec.co.ao\/index.php?rest_route=\/wp\/v2\/pages\/432\/revisions\/467"}],"wp:attachment":[{"href":"https:\/\/formacao.grupoadapec.co.ao\/index.php?rest_route=%2Fwp%2Fv2%2Fmedia&parent=432"}],"curies":[{"name":"wp","href":"https:\/\/api.w.org\/{rel}","templated":true}]}}